{"id":13054,"date":"2021-04-26T09:09:15","date_gmt":"2021-04-26T09:09:15","guid":{"rendered":"http:\/\/krasa.lv\/product\/antikorozijas-grunts-gf-021-dekart\/"},"modified":"2022-01-11T13:02:25","modified_gmt":"2022-01-11T13:02:25","slug":"antikorozijas-grunts-gf-021-dekart","status":"publish","type":"product","link":"https:\/\/krasa.lv\/en\/product\/antikorozijas-grunts-gf-021-dekart\/","title":{"rendered":"Anticorrosive primer GF-021 DekART"},"content":{"rendered":"<p>Alkyd primer, which, the composition contains an effective anti-corrosive pigments. Intended for priming of steel surfaces, the operation of which will take place in the atmosphere exposed to conditions before coating with an alkyd and uret\u0101nalk\u012bda emalj\u0101m. Applied directly to rust if rust layer is not more than 50 microns<\/p>\n","protected":false},"excerpt":{"rendered":"<p><strong>Color:<\/strong><br \/>\nGray<br \/>\nRed-brown<\/p>\n<p>When ordering, please specify the color.<\/p>\n","protected":false},"featured_media":13049,"comment_status":"open","ping_status":"closed","template":"","meta":[],"product_cat":[102,454,458],"product_tag":[],"yoast_head":"<!-- This site is optimized with the Yoast SEO plugin v19.6.1 - https:\/\/yoast.com\/wordpress\/plugins\/seo\/ -->\n<title>Anticorrosive primer GF-021 DekART - Krasa.lv<\/title>\n<meta name=\"robots\" content=\"index, follow, max-snippet:-1, max-image-preview:large, max-video-preview:-1\" \/>\n<link rel=\"canonical\" href=\"https:\/\/krasa.lv\/en\/product\/antikorozijas-grunts-gf-021-dekart\/\" \/>\n<meta property=\"og:locale\" content=\"en_US\" \/>\n<meta property=\"og:type\" content=\"article\" \/>\n<meta property=\"og:title\" content=\"Anticorrosive primer GF-021 DekART - Krasa.lv\" \/>\n<meta property=\"og:description\" content=\"Color: Gray Red-brown  When ordering, please specify the color.\" \/>\n<meta property=\"og:url\" content=\"https:\/\/krasa.lv\/en\/product\/antikorozijas-grunts-gf-021-dekart\/\" \/>\n<meta property=\"og:site_name\" content=\"Krasa.lv\" \/>\n<meta property=\"article:modified_time\" content=\"2022-01-11T13:02:25+00:00\" \/>\n<meta property=\"og:image\" content=\"https:\/\/krasa.lv\/wp-content\/uploads\/2021\/04\/dekart_grunts_gf-021_400_0.jpg\" \/>\n\t<meta property=\"og:image:width\" content=\"400\" \/>\n\t<meta property=\"og:image:height\" content=\"400\" \/>\n\t<meta property=\"og:image:type\" content=\"image\/jpeg\" \/>\n<meta name=\"twitter:card\" content=\"summary_large_image\" \/>\n<meta name=\"twitter:label1\" content=\"Est. reading time\" \/>\n\t<meta name=\"twitter:data1\" content=\"1 minute\" \/>\n<script type=\"application\/ld+json\" class=\"yoast-schema-graph\">{\"@context\":\"https:\/\/schema.org\",\"@graph\":[{\"@type\":\"WebPage\",\"@id\":\"https:\/\/krasa.lv\/en\/product\/antikorozijas-grunts-gf-021-dekart\/\",\"url\":\"https:\/\/krasa.lv\/en\/product\/antikorozijas-grunts-gf-021-dekart\/\",\"name\":\"Anticorrosive primer GF-021 DekART - Krasa.lv\",\"isPartOf\":{\"@id\":\"https:\/\/krasa.lv\/#website\"},\"datePublished\":\"2021-04-26T09:09:15+00:00\",\"dateModified\":\"2022-01-11T13:02:25+00:00\",\"breadcrumb\":{\"@id\":\"https:\/\/krasa.lv\/en\/product\/antikorozijas-grunts-gf-021-dekart\/#breadcrumb\"},\"inLanguage\":\"en-US\",\"potentialAction\":[{\"@type\":\"ReadAction\",\"target\":[\"https:\/\/krasa.lv\/en\/product\/antikorozijas-grunts-gf-021-dekart\/\"]}]},{\"@type\":\"BreadcrumbList\",\"@id\":\"https:\/\/krasa.lv\/en\/product\/antikorozijas-grunts-gf-021-dekart\/#breadcrumb\",\"itemListElement\":[{\"@type\":\"ListItem\",\"position\":1,\"name\":\"S\u0101kums\",\"item\":\"https:\/\/krasa.lv\/\"},{\"@type\":\"ListItem\",\"position\":2,\"name\":\"Products\",\"item\":\"https:\/\/krasa.lv\/shop\/\"},{\"@type\":\"ListItem\",\"position\":3,\"name\":\"Anticorrosive primer GF-021 DekART\"}]},{\"@type\":\"WebSite\",\"@id\":\"https:\/\/krasa.lv\/#website\",\"url\":\"https:\/\/krasa.lv\/\",\"name\":\"Krasa.lv\",\"description\":\"Kr\u0101su veikals\",\"publisher\":{\"@id\":\"https:\/\/krasa.lv\/#organization\"},\"potentialAction\":[{\"@type\":\"SearchAction\",\"target\":{\"@type\":\"EntryPoint\",\"urlTemplate\":\"https:\/\/krasa.lv\/?s={search_term_string}\"},\"query-input\":\"required name=search_term_string\"}],\"inLanguage\":\"en-US\"},{\"@type\":\"Organization\",\"@id\":\"https:\/\/krasa.lv\/#organization\",\"name\":\"Krasa.lv\",\"url\":\"https:\/\/krasa.lv\/\",\"sameAs\":[],\"logo\":{\"@type\":\"ImageObject\",\"inLanguage\":\"en-US\",\"@id\":\"https:\/\/krasa.lv\/#\/schema\/logo\/image\/\",\"url\":\"https:\/\/krasa.lv\/wp-content\/uploads\/2020\/11\/cropped-cropped-banerits-krasa_lv-30082019.png\",\"contentUrl\":\"https:\/\/krasa.lv\/wp-content\/uploads\/2020\/11\/cropped-cropped-banerits-krasa_lv-30082019.png\",\"width\":380,\"height\":377,\"caption\":\"Krasa.lv\"},\"image\":{\"@id\":\"https:\/\/krasa.lv\/#\/schema\/logo\/image\/\"}}]}<\/script>\n<!-- \/ Yoast SEO plugin. -->","yoast_head_json":{"title":"Anticorrosive primer GF-021 DekART - Krasa.lv","robots":{"index":"index","follow":"follow","max-snippet":"max-snippet:-1","max-image-preview":"max-image-preview:large","max-video-preview":"max-video-preview:-1"},"canonical":"https:\/\/krasa.lv\/en\/product\/antikorozijas-grunts-gf-021-dekart\/","og_locale":"en_US","og_type":"article","og_title":"Anticorrosive primer GF-021 DekART - Krasa.lv","og_description":"Color: Gray Red-brown  When ordering, please specify the color.","og_url":"https:\/\/krasa.lv\/en\/product\/antikorozijas-grunts-gf-021-dekart\/","og_site_name":"Krasa.lv","article_modified_time":"2022-01-11T13:02:25+00:00","og_image":[{"width":400,"height":400,"url":"https:\/\/krasa.lv\/wp-content\/uploads\/2021\/04\/dekart_grunts_gf-021_400_0.jpg","type":"image\/jpeg"}],"twitter_card":"summary_large_image","twitter_misc":{"Est. reading time":"1 minute"},"schema":{"@context":"https:\/\/schema.org","@graph":[{"@type":"WebPage","@id":"https:\/\/krasa.lv\/en\/product\/antikorozijas-grunts-gf-021-dekart\/","url":"https:\/\/krasa.lv\/en\/product\/antikorozijas-grunts-gf-021-dekart\/","name":"Anticorrosive primer GF-021 DekART - Krasa.lv","isPartOf":{"@id":"https:\/\/krasa.lv\/#website"},"datePublished":"2021-04-26T09:09:15+00:00","dateModified":"2022-01-11T13:02:25+00:00","breadcrumb":{"@id":"https:\/\/krasa.lv\/en\/product\/antikorozijas-grunts-gf-021-dekart\/#breadcrumb"},"inLanguage":"en-US","potentialAction":[{"@type":"ReadAction","target":["https:\/\/krasa.lv\/en\/product\/antikorozijas-grunts-gf-021-dekart\/"]}]},{"@type":"BreadcrumbList","@id":"https:\/\/krasa.lv\/en\/product\/antikorozijas-grunts-gf-021-dekart\/#breadcrumb","itemListElement":[{"@type":"ListItem","position":1,"name":"S\u0101kums","item":"https:\/\/krasa.lv\/"},{"@type":"ListItem","position":2,"name":"Products","item":"https:\/\/krasa.lv\/shop\/"},{"@type":"ListItem","position":3,"name":"Anticorrosive primer GF-021 DekART"}]},{"@type":"WebSite","@id":"https:\/\/krasa.lv\/#website","url":"https:\/\/krasa.lv\/","name":"Krasa.lv","description":"Kr\u0101su veikals","publisher":{"@id":"https:\/\/krasa.lv\/#organization"},"potentialAction":[{"@type":"SearchAction","target":{"@type":"EntryPoint","urlTemplate":"https:\/\/krasa.lv\/?s={search_term_string}"},"query-input":"required name=search_term_string"}],"inLanguage":"en-US"},{"@type":"Organization","@id":"https:\/\/krasa.lv\/#organization","name":"Krasa.lv","url":"https:\/\/krasa.lv\/","sameAs":[],"logo":{"@type":"ImageObject","inLanguage":"en-US","@id":"https:\/\/krasa.lv\/#\/schema\/logo\/image\/","url":"https:\/\/krasa.lv\/wp-content\/uploads\/2020\/11\/cropped-cropped-banerits-krasa_lv-30082019.png","contentUrl":"https:\/\/krasa.lv\/wp-content\/uploads\/2020\/11\/cropped-cropped-banerits-krasa_lv-30082019.png","width":380,"height":377,"caption":"Krasa.lv"},"image":{"@id":"https:\/\/krasa.lv\/#\/schema\/logo\/image\/"}}]}},"_links":{"self":[{"href":"https:\/\/krasa.lv\/en\/wp-json\/wp\/v2\/product\/13054"}],"collection":[{"href":"https:\/\/krasa.lv\/en\/wp-json\/wp\/v2\/product"}],"about":[{"href":"https:\/\/krasa.lv\/en\/wp-json\/wp\/v2\/types\/product"}],"replies":[{"embeddable":true,"href":"https:\/\/krasa.lv\/en\/wp-json\/wp\/v2\/comments?post=13054"}],"wp:featuredmedia":[{"embeddable":true,"href":"https:\/\/krasa.lv\/en\/wp-json\/wp\/v2\/media\/13049"}],"wp:attachment":[{"href":"https:\/\/krasa.lv\/en\/wp-json\/wp\/v2\/media?parent=13054"}],"wp:term":[{"taxonomy":"product_cat","embeddable":true,"href":"https:\/\/krasa.lv\/en\/wp-json\/wp\/v2\/product_cat?post=13054"},{"taxonomy":"product_tag","embeddable":true,"href":"https:\/\/krasa.lv\/en\/wp-json\/wp\/v2\/product_tag?post=13054"}],"curies":[{"name":"wp","href":"https:\/\/api.w.org\/{rel}","templated":true}]}}